{"id":74,"date":"2017-10-06T15:45:47","date_gmt":"2017-10-06T13:45:47","guid":{"rendered":"https:\/\/www.ovs-sic.be\/fr\/?page_id=74"},"modified":"2025-02-04T15:32:56","modified_gmt":"2025-02-04T14:32:56","slug":"contact","status":"publish","type":"page","link":"https:\/\/www.ovs-sic.be\/fr\/contact\/","title":{"rendered":"Contact"},"content":{"rendered":"<pre><div class=\"wpforms-container wpforms-container-full\" id=\"wpforms-73\"><form id=\"wpforms-form-73\" class=\"wpforms-validate wpforms-form\" data-formid=\"73\" method=\"post\" enctype=\"multipart\/form-data\" action=\"\/fr\/wp-json\/wp\/v2\/pages\/74\" data-token=\"a68e3d9086335818bf1cb66fede900bd\" data-token-time=\"1777647906\"><noscript class=\"wpforms-error-noscript\">Veuillez activer JavaScript dans votre navigateur pour remplir ce formulaire.<\/noscript><div class=\"wpforms-field-container\"><div id=\"wpforms-73-field_0-container\" class=\"wpforms-field wpforms-field-name\" data-field-id=\"0\"><label class=\"wpforms-field-label\" for=\"wpforms-73-field_0\">Nom <span class=\"wpforms-required-label\">*<\/span><\/label><input type=\"text\" id=\"wpforms-73-field_0\" class=\"wpforms-field-medium wpforms-field-required\" name=\"wpforms[fields][0]\" required><\/div><div id=\"wpforms-73-field_1-container\" class=\"wpforms-field wpforms-field-email\" data-field-id=\"1\"><label class=\"wpforms-field-label\" for=\"wpforms-73-field_1\">E-mail <span class=\"wpforms-required-label\">*<\/span><\/label><input type=\"email\" id=\"wpforms-73-field_1\" class=\"wpforms-field-medium wpforms-field-required\" name=\"wpforms[fields][1]\" spellcheck=\"false\" required><\/div><div id=\"wpforms-73-field_3-container\" class=\"wpforms-field wpforms-field-number\" data-field-id=\"3\"><label class=\"wpforms-field-label\" for=\"wpforms-73-field_3\">Nr d&#039;identification Groupe SNCB (si possible)<\/label><input type=\"number\" id=\"wpforms-73-field_3\" class=\"wpforms-field-medium\" name=\"wpforms[fields][3]\" step=\"any\" ><\/div><div id=\"wpforms-73-field_6-container\" class=\"wpforms-field wpforms-field-select\" data-field-id=\"6\"><label class=\"wpforms-field-label\" for=\"wpforms-73-field_6\">O\u00f9 travaillez-vous?<\/label><select id=\"wpforms-73-field_6\" class=\"wpforms-field-medium\" name=\"wpforms[fields][6]\"><option value=\"Infrabel\"  class=\"choice-1 depth-1\"  >Infrabel<\/option><option value=\"NMBS\"  class=\"choice-2 depth-1\"  >NMBS<\/option><option value=\"HR-RAIL\"  class=\"choice-3 depth-1\"  >HR-RAIL<\/option><option value=\"Op\u00e9rateur Priv\u00e9\"  class=\"choice-4 depth-1\"  >Op\u00e9rateur Priv\u00e9<\/option><option value=\"Sans Objet\"  class=\"choice-5 depth-1\"  >Sans Objet<\/option><\/select><\/div><div id=\"wpforms-73-field_4-container\" class=\"wpforms-field wpforms-field-number\" data-field-id=\"4\"><label class=\"wpforms-field-label\" for=\"wpforms-73-field_4\">num\u00e9ro de t\u00e9l\u00e9phone<\/label><input type=\"number\" id=\"wpforms-73-field_4\" class=\"wpforms-field-medium\" name=\"wpforms[fields][4]\" step=\"any\" ><\/div><div id=\"wpforms-73-field_8-container\" class=\"wpforms-field wpforms-field-radio\" data-field-id=\"8\"><label class=\"wpforms-field-label\">\u00cates-vous membre du SIC? <span class=\"wpforms-required-label\">*<\/span><\/label><ul id=\"wpforms-73-field_8\" class=\"wpforms-field-required\"><li class=\"choice-1 depth-1 wpforms-selected\"><input type=\"radio\" id=\"wpforms-73-field_8_1\" name=\"wpforms[fields][8]\" value=\"Oui\" required  checked='checked'><label class=\"wpforms-field-label-inline\" for=\"wpforms-73-field_8_1\">Oui<\/label><\/li><li class=\"choice-2 depth-1\"><input type=\"radio\" id=\"wpforms-73-field_8_2\" name=\"wpforms[fields][8]\" value=\"Non\" required ><label class=\"wpforms-field-label-inline\" for=\"wpforms-73-field_8_2\">Non<\/label><\/li><li class=\"choice-3 depth-1\"><input type=\"radio\" id=\"wpforms-73-field_8_3\" name=\"wpforms[fields][8]\" value=\"Int\u00e9ress\u00e9\" required ><label class=\"wpforms-field-label-inline\" for=\"wpforms-73-field_8_3\">Int\u00e9ress\u00e9<\/label><\/li><\/ul><\/div><div id=\"wpforms-73-field_7-container\" class=\"wpforms-field wpforms-field-text\" data-field-id=\"7\"><label class=\"wpforms-field-label\" for=\"wpforms-73-field_7\">Sujet <span class=\"wpforms-required-label\">*<\/span><\/label><input type=\"text\" id=\"wpforms-73-field_7\" class=\"wpforms-field-medium wpforms-field-required\" name=\"wpforms[fields][7]\" required><\/div><div id=\"wpforms-73-field_2-container\" class=\"wpforms-field wpforms-field-textarea\" data-field-id=\"2\"><label class=\"wpforms-field-label\" for=\"wpforms-73-field_2\">Votre question ou votre communication <span class=\"wpforms-required-label\">*<\/span><\/label><textarea id=\"wpforms-73-field_2\" class=\"wpforms-field-large wpforms-field-required\" name=\"wpforms[fields][2]\" required><\/textarea><\/div><\/div><!-- .wpforms-field-container --><div class=\"wpforms-field wpforms-field-hp\"><label for=\"wpforms-73-field-hp\" class=\"wpforms-field-label\">Message<\/label><input type=\"text\" name=\"wpforms[hp]\" id=\"wpforms-73-field-hp\" class=\"wpforms-field-medium\"><\/div><div class=\"wpforms-recaptcha-container wpforms-is-recaptcha wpforms-is-recaptcha-type-invisible\" ><div class=\"g-recaptcha\" data-sitekey=\"6Lfh3YsUAAAAAONWixwD6cTUZUjBa_1m17kg62HL\" data-size=\"invisible\"><\/div><\/div><div class=\"wpforms-submit-container\" ><input type=\"hidden\" name=\"wpforms[id]\" value=\"73\"><input type=\"hidden\" name=\"page_title\" value=\"\"><input type=\"hidden\" name=\"page_url\" value=\"https:\/\/www.ovs-sic.be\/fr\/wp-json\/wp\/v2\/pages\/74\"><input type=\"hidden\" name=\"url_referer\" value=\"\"><button type=\"submit\" name=\"wpforms[submit]\" id=\"wpforms-submit-73\" class=\"wpforms-submit\" data-alt-text=\"envoy\u00e9\" data-submit-text=\"envoyer\" aria-live=\"assertive\" value=\"wpforms-submit\">envoyer<\/button><\/div><\/form><\/div>  <!-- .wpforms-container --><\/pre>\n<h6><\/h6>\n","protected":false},"excerpt":{"rendered":"","protected":false},"author":1,"featured_media":0,"parent":0,"menu_order":0,"comment_status":"closed","ping_status":"closed","template":"","meta":{"jetpack_post_was_ever_published":false,"footnotes":""},"class_list":["post-74","page","type-page","status-publish","hentry"],"jetpack_sharing_enabled":true,"jetpack_shortlink":"https:\/\/wp.me\/P9lyc6-1c","jetpack_likes_enabled":true,"jetpack-related-posts":[{"id":102,"url":"https:\/\/www.ovs-sic.be\/fr\/","url_meta":{"origin":74,"position":0},"title":"Page d&rsquo;accueil","author":"Admin","date":"7 octobre 2017","format":false,"excerpt":"","rel":"","context":"Dans &quot;Sans categorie&quot;","block_context":{"text":"Sans categorie","link":"https:\/\/www.ovs-sic.be\/fr\/category\/geen-categorie\/"},"img":{"alt_text":"","src":"","width":0,"height":0},"classes":[]},{"id":19,"url":"https:\/\/www.ovs-sic.be\/fr\/nouvelles\/","url_meta":{"origin":74,"position":1},"title":"Nouvelles","author":"Admin","date":"4 octobre 2017","format":false,"excerpt":"","rel":"","context":"Dans &quot;Sans categorie&quot;","block_context":{"text":"Sans categorie","link":"https:\/\/www.ovs-sic.be\/fr\/category\/geen-categorie\/"},"img":{"alt_text":"","src":"https:\/\/i0.wp.com\/www.ovs-sic.be\/fr\/wp-content\/uploads\/sites\/4\/2017\/10\/vorming_goederentreinen.jpg?fit=500%2C305&ssl=1&resize=350%2C200","width":350,"height":200},"classes":[]},{"id":20,"url":"https:\/\/www.ovs-sic.be\/fr\/sic\/","url_meta":{"origin":74,"position":2},"title":"\u00c0 propos du SIC","author":"Admin","date":"4 octobre 2017","format":false,"excerpt":"Le SIC est le Syndicat Ind\u00e9pendant pour Cheminots. Il a \u00e9t\u00e9 fond\u00e9 le 27 f\u00e9vrier 1983. Le syndicat n\u2019a aucun lien avec un parti politique ni avec les syndicats traditionnels. Le SIC est organis\u00e9 sur le plan national et ne dispose donc pas des centrales linguistiques. Le SIC est une\u2026","rel":"","context":"Dans &quot;Sans categorie&quot;","block_context":{"text":"Sans categorie","link":"https:\/\/www.ovs-sic.be\/fr\/category\/geen-categorie\/"},"img":{"alt_text":"","src":"https:\/\/i0.wp.com\/www.ovs-sic.be\/fr\/wp-content\/uploads\/sites\/4\/2017\/10\/OVS-nieuw-LOGO_verkleind.jpg?resize=350%2C200&ssl=1","width":350,"height":200},"classes":[]},{"id":2,"url":"https:\/\/www.ovs-sic.be\/fr\/newsletter\/","url_meta":{"origin":74,"position":3},"title":"Newsletter","author":"Admin","date":"4 octobre 2017","format":false,"excerpt":"Vous souhaitez \u00eatre averti des nouveaux articles publi\u00e9s sur le website, inscrivez-vous donc \u00e0 la newsletter. Pour info : le SIC n'offre pas la possibilit\u00e9s aux non-inscrits de visualiser ces informations. Nous demandons donc quelques informations relatives \u00e0 votre \"profil\" avant de vous autoriser l'acc\u00e8s. Vous n'\u00eates pas oblig\u00e9 de\u2026","rel":"","context":"Article similaire","block_context":{"text":"Article similaire","link":""},"img":{"alt_text":"","src":"","width":0,"height":0},"classes":[]},{"id":154,"url":"https:\/\/www.ovs-sic.be\/fr\/devenir-membre\/","url_meta":{"origin":74,"position":4},"title":"Devenir membre","author":"Admin","date":"12 octobre 2017","format":false,"excerpt":"COMMENT ET POUR QUELLE RAISON S\u2019AFFILIER AU SIC? Voulez-vous devenir membre voire d\u00e9l\u00e9gu\u00e9 de notre organisation? Si vous souhaitez rejoindre notre syndicat, vous devez tout simplement vous affilier et donc compl\u00e9ter, signer et nous renvoyer un formulaire d\u2019adh\u00e9sion. Nos d\u00e9l\u00e9gu\u00e9s locaux et les dirigeants du SIC sont \u00e0 votre enti\u00e8re\u2026","rel":"","context":"Article similaire","block_context":{"text":"Article similaire","link":""},"img":{"alt_text":"","src":"https:\/\/i0.wp.com\/www.ovs-sic.be\/fr\/wp-content\/uploads\/sites\/4\/2018\/11\/bulletin.png?resize=350%2C200&ssl=1","width":350,"height":200,"srcset":"https:\/\/i0.wp.com\/www.ovs-sic.be\/fr\/wp-content\/uploads\/sites\/4\/2018\/11\/bulletin.png?resize=350%2C200&ssl=1 1x, https:\/\/i0.wp.com\/www.ovs-sic.be\/fr\/wp-content\/uploads\/sites\/4\/2018\/11\/bulletin.png?resize=525%2C300&ssl=1 1.5x"},"classes":[]}],"_links":{"self":[{"href":"https:\/\/www.ovs-sic.be\/fr\/wp-json\/wp\/v2\/pages\/74","targetHints":{"allow":["GET"]}}],"collection":[{"href":"https:\/\/www.ovs-sic.be\/fr\/wp-json\/wp\/v2\/pages"}],"about":[{"href":"https:\/\/www.ovs-sic.be\/fr\/wp-json\/wp\/v2\/types\/page"}],"author":[{"embeddable":true,"href":"https:\/\/www.ovs-sic.be\/fr\/wp-json\/wp\/v2\/users\/1"}],"replies":[{"embeddable":true,"href":"https:\/\/www.ovs-sic.be\/fr\/wp-json\/wp\/v2\/comments?post=74"}],"version-history":[{"count":10,"href":"https:\/\/www.ovs-sic.be\/fr\/wp-json\/wp\/v2\/pages\/74\/revisions"}],"predecessor-version":[{"id":1380,"href":"https:\/\/www.ovs-sic.be\/fr\/wp-json\/wp\/v2\/pages\/74\/revisions\/1380"}],"wp:attachment":[{"href":"https:\/\/www.ovs-sic.be\/fr\/wp-json\/wp\/v2\/media?parent=74"}],"curies":[{"name":"wp","href":"https:\/\/api.w.org\/{rel}","templated":true}]}}