{"id":373,"date":"2017-12-02T15:48:31","date_gmt":"2017-12-02T14:48:31","guid":{"rendered":"https:\/\/www.ovs-sic.be\/fr\/?page_id=373"},"modified":"2017-12-04T23:49:23","modified_gmt":"2017-12-04T22:49:23","slug":"formulaire","status":"publish","type":"page","link":"https:\/\/www.ovs-sic.be\/fr\/formulaire\/","title":{"rendered":"formulaire"},"content":{"rendered":"<p><!-- mm-embedded-form styles (for better performance put this link in html head of your page) -->\n<link rel=\"stylesheet\" href=\"https:\/\/static.moonmail.io\/mm-embedded-form.css\">\n<!-- mm-embedded-form start --><\/p>\n<form id=\"mm-embedded-form\" action=\"https:\/\/api.moonmail.io\/lists\/cjaos7tqg000101p7lxehb503\/subscribe\" method=\"post\" novalidate=\"\"><input name=\"u\" type=\"hidden\" value=\"Z29vZ2xlLW9hdXRoMnwxMTY4NTQ5Njk3OTY2MTAxNDg4MTk\" \/><\/p>\n<div class=\"mm-field\"><label for=\"mm-email\">E-mail <sup>*<\/sup><\/label><input id=\"mm-email\" name=\"email\" required=\"\" type=\"email\" \/><\/div>\n<div class=\"mm-field\"><label for=\"mm-name\">Pr\u00e9nom<\/label><input id=\"mm-name\" name=\"metadata[name]\" type=\"text\" \/><\/div>\n<div class=\"mm-field\"><label for=\"mm-name\">Nom de famille<\/label><input id=\"mm-name\" name=\"metadata[surname]\" type=\"text\" \/><\/div>\n<div class=\"mm-field\"><label for=\"mm-name\">Nr d&rsquo;identit\u00e9 Groupe SNCB (si possible)<\/label><br \/><input id=\"mm-name\" style=\"width: 300px; height: 30px;\" max=\"999999999\" min=\"100000000\" name=\"metadata[idnrgroupe]\" type=\"number\" \/><\/div>\n<div class=\"mm-field\"><label for=\"mm-name\">Etes-vous une membre du SIC?<\/label><br \/><input id=\"mm-name\" name=\"metadata[Membre]\" type=\"radio\" value=\"membre\" \/>affili\u00e9   <input id=\"mm-name\" name=\"metadata[Membre]\" type=\"radio\" value=\"nonmembre\"\/>non affili\u00e9  <input id=\"mm-name\" name=\"metadata[Membre]\" type=\"radio\" value=\"int\u00e9ress\u00e9\"\/>Int\u00e9ress\u00e9  <\/div>\n<div class=\"mm-field\"><label for=\"mm-name\">O\u00f9 travaillez-vous?<\/label><br \/><select id=\"mm-name\" style=\"width: 300px;\" name=\"metadata[travail]\"><option selected=\"selected\" value=\"Infrabel\">Infrabel<\/option><option value=\"SNCB\">SNCB<\/option><option value=\"HR-RAIL\">HR-RAIL<\/option><option value=\"Operateur priv\u00e9\">Op\u00e9rateur priv\u00e9<\/option><option value=\"Pensionn\u00e9\">Pensionn\u00e9<\/option><option value=\"Autre\">Autre<\/option><\/select><\/p>\n<\/div>\n<p><button type=\"submit\">Confirmer<\/button><\/p>\n<\/form>\n<p><!-- mm-embedded-form end --><\/p>\n<p><!-- mm-embedded-form JavaScript, remove this script to use the plain form --><br \/>\n<script src=\"https:\/\/static.moonmail.io\/mm-embedded-form.js\"><\/script><\/p>\n<p><!-- mm-embedded-form settings --><br \/>\n<script>\n  mmOptions = {\n    config: {reCapcha: true},\n    translations: {\n      required: \"This field is required.\",\n      email: \"Please enter a valid email address.\",\n      success: \"Please check your email to confirm subscription\",\n      error: \"Oops! Something went wrong...\"\n    }\n  };\n<\/script><\/p>\n","protected":false},"excerpt":{"rendered":"<p>E-mail * Pr\u00e9nom Nom de famille Nr d&rsquo;identit\u00e9 Groupe SNCB (si possible) Etes-vous une membre du SIC?affili\u00e9 non affili\u00e9 Int\u00e9ress\u00e9 O\u00f9 travaillez-vous?InfrabelSNCBHR-RAILOp\u00e9rateur priv\u00e9Pensionn\u00e9Autre Confirmer<\/p>\n","protected":false},"author":1,"featured_media":0,"parent":0,"menu_order":0,"comment_status":"closed","ping_status":"closed","template":"","meta":{"jetpack_post_was_ever_published":false,"footnotes":""},"class_list":["post-373","page","type-page","status-publish","hentry"],"jetpack_sharing_enabled":false,"jetpack_shortlink":"https:\/\/wp.me\/P9lyc6-61","jetpack_likes_enabled":true,"jetpack-related-posts":[{"id":2,"url":"https:\/\/www.ovs-sic.be\/fr\/newsletter\/","url_meta":{"origin":373,"position":0},"title":"Newsletter","author":"Admin","date":"4 octobre 2017","format":false,"excerpt":"Vous souhaitez \u00eatre averti des nouveaux articles publi\u00e9s sur le website, inscrivez-vous donc \u00e0 la newsletter. Pour info : le SIC n'offre pas la possibilit\u00e9s aux non-inscrits de visualiser ces informations. Nous demandons donc quelques informations relatives \u00e0 votre \"profil\" avant de vous autoriser l'acc\u00e8s. Vous n'\u00eates pas oblig\u00e9 de\u2026","rel":"","context":"Article similaire","block_context":{"text":"Article similaire","link":""},"img":{"alt_text":"","src":"","width":0,"height":0},"classes":[]},{"id":154,"url":"https:\/\/www.ovs-sic.be\/fr\/devenir-membre\/","url_meta":{"origin":373,"position":1},"title":"Devenir membre","author":"Admin","date":"12 octobre 2017","format":false,"excerpt":"COMMENT ET POUR QUELLE RAISON S\u2019AFFILIER AU SIC? Voulez-vous devenir membre voire d\u00e9l\u00e9gu\u00e9 de notre organisation? Si vous souhaitez rejoindre notre syndicat, vous devez tout simplement vous affilier et donc compl\u00e9ter, signer et nous renvoyer un formulaire d\u2019adh\u00e9sion. Nos d\u00e9l\u00e9gu\u00e9s locaux et les dirigeants du SIC sont \u00e0 votre enti\u00e8re\u2026","rel":"","context":"Article similaire","block_context":{"text":"Article similaire","link":""},"img":{"alt_text":"","src":"https:\/\/i0.wp.com\/www.ovs-sic.be\/fr\/wp-content\/uploads\/sites\/4\/2018\/11\/bulletin.png?resize=350%2C200&ssl=1","width":350,"height":200,"srcset":"https:\/\/i0.wp.com\/www.ovs-sic.be\/fr\/wp-content\/uploads\/sites\/4\/2018\/11\/bulletin.png?resize=350%2C200&ssl=1 1x, https:\/\/i0.wp.com\/www.ovs-sic.be\/fr\/wp-content\/uploads\/sites\/4\/2018\/11\/bulletin.png?resize=525%2C300&ssl=1 1.5x"},"classes":[]},{"id":20,"url":"https:\/\/www.ovs-sic.be\/fr\/sic\/","url_meta":{"origin":373,"position":2},"title":"\u00c0 propos du SIC","author":"Admin","date":"4 octobre 2017","format":false,"excerpt":"Le SIC est le Syndicat Ind\u00e9pendant pour Cheminots. Il a \u00e9t\u00e9 fond\u00e9 le 27 f\u00e9vrier 1983. Le syndicat n\u2019a aucun lien avec un parti politique ni avec les syndicats traditionnels. Le SIC est organis\u00e9 sur le plan national et ne dispose donc pas des centrales linguistiques. Le SIC est une\u2026","rel":"","context":"Dans &quot;Sans categorie&quot;","block_context":{"text":"Sans categorie","link":"https:\/\/www.ovs-sic.be\/fr\/category\/geen-categorie\/"},"img":{"alt_text":"","src":"https:\/\/i0.wp.com\/www.ovs-sic.be\/fr\/wp-content\/uploads\/sites\/4\/2017\/10\/OVS-nieuw-LOGO_verkleind.jpg?resize=350%2C200&ssl=1","width":350,"height":200},"classes":[]},{"id":289,"url":"https:\/\/www.ovs-sic.be\/fr\/independant-en-pdf\/","url_meta":{"origin":373,"position":3},"title":"Ind\u00e9pendant en PDF","author":"Admin","date":"25 octobre 2017","format":false,"excerpt":"INDEPENDANT septembre 2018Download T\u00e9l\u00e9charger les anciens versions de l'ind\u00e9pendant? INDEPENDANT mai 2018Download INDEPENDANT avril 2018Download INDEPENDANT avril 2018Download INDEPENDANT mars 2018Download INDEPENDANT fevrier 2018Download INDEPENDANT janvier 2018Download INDEPENDANT decembre 2017Download INDEPENDANT novembre 2017Download INDEPENDANT octobre 2017Download","rel":"","context":"Article similaire","block_context":{"text":"Article similaire","link":""},"img":{"alt_text":"","src":"","width":0,"height":0},"classes":[]}],"_links":{"self":[{"href":"https:\/\/www.ovs-sic.be\/fr\/wp-json\/wp\/v2\/pages\/373","targetHints":{"allow":["GET"]}}],"collection":[{"href":"https:\/\/www.ovs-sic.be\/fr\/wp-json\/wp\/v2\/pages"}],"about":[{"href":"https:\/\/www.ovs-sic.be\/fr\/wp-json\/wp\/v2\/types\/page"}],"author":[{"embeddable":true,"href":"https:\/\/www.ovs-sic.be\/fr\/wp-json\/wp\/v2\/users\/1"}],"replies":[{"embeddable":true,"href":"https:\/\/www.ovs-sic.be\/fr\/wp-json\/wp\/v2\/comments?post=373"}],"version-history":[{"count":18,"href":"https:\/\/www.ovs-sic.be\/fr\/wp-json\/wp\/v2\/pages\/373\/revisions"}],"predecessor-version":[{"id":392,"href":"https:\/\/www.ovs-sic.be\/fr\/wp-json\/wp\/v2\/pages\/373\/revisions\/392"}],"wp:attachment":[{"href":"https:\/\/www.ovs-sic.be\/fr\/wp-json\/wp\/v2\/media?parent=373"}],"curies":[{"name":"wp","href":"https:\/\/api.w.org\/{rel}","templated":true}]}}