{"id":20,"date":"2017-10-04T20:44:00","date_gmt":"2017-10-04T18:44:00","guid":{"rendered":"https:\/\/www.ovs-sic.be\/fr\/?page_id=20"},"modified":"2017-12-02T20:58:09","modified_gmt":"2017-12-02T19:58:09","slug":"sic","status":"publish","type":"page","link":"https:\/\/www.ovs-sic.be\/fr\/sic\/","title":{"rendered":"\u00c0 propos du SIC"},"content":{"rendered":"<p style=\"text-align: justify;\">Le SIC est le Syndicat Ind\u00e9pendant pour Cheminots. Il a \u00e9t\u00e9 fond\u00e9 le 27 f\u00e9vrier 1983. Le syndicat n\u2019a aucun<br \/>\n<img data-recalc-dims=\"1\" loading=\"lazy\" decoding=\"async\" data-attachment-id=\"89\" data-permalink=\"https:\/\/www.ovs-sic.be\/fr\/sic\/ovs-nieuw-logo_verkleind\/\" data-orig-file=\"https:\/\/i0.wp.com\/www.ovs-sic.be\/fr\/wp-content\/uploads\/sites\/4\/2017\/10\/OVS-nieuw-LOGO_verkleind-e1507792849544.jpg?fit=100%2C101&amp;ssl=1\" data-orig-size=\"100,101\" data-comments-opened=\"1\" data-image-meta=\"{&quot;aperture&quot;:&quot;0&quot;,&quot;credit&quot;:&quot;&quot;,&quot;camera&quot;:&quot;&quot;,&quot;caption&quot;:&quot;&quot;,&quot;created_timestamp&quot;:&quot;0&quot;,&quot;copyright&quot;:&quot;&quot;,&quot;focal_length&quot;:&quot;0&quot;,&quot;iso&quot;:&quot;0&quot;,&quot;shutter_speed&quot;:&quot;0&quot;,&quot;title&quot;:&quot;&quot;,&quot;orientation&quot;:&quot;0&quot;}\" data-image-title=\"OVS-nieuw LOGO_verkleind\" data-image-description=\"\" data-image-caption=\"\" data-medium-file=\"https:\/\/i0.wp.com\/www.ovs-sic.be\/fr\/wp-content\/uploads\/sites\/4\/2017\/10\/OVS-nieuw-LOGO_verkleind-e1507792849544.jpg?fit=100%2C101&amp;ssl=1\" data-large-file=\"https:\/\/i0.wp.com\/www.ovs-sic.be\/fr\/wp-content\/uploads\/sites\/4\/2017\/10\/OVS-nieuw-LOGO_verkleind-e1507792849544.jpg?fit=100%2C101&amp;ssl=1\" class=\"size-full wp-image-89 alignright\" src=\"https:\/\/i0.wp.com\/www.ovs-sic.be\/fr\/wp-content\/uploads\/sites\/4\/2017\/10\/OVS-nieuw-LOGO_verkleind.jpg?resize=178%2C179&#038;ssl=1\" alt=\"\" width=\"178\" height=\"179\" \/>lien avec un parti politique ni avec les syndicats traditionnels. Le SIC est organis\u00e9 sur le plan national et ne d<span style=\"font-size: 12pt;\">ispose donc pas des centrales linguistiques.<\/span><\/p>\n<p style=\"text-align: justify;\">Le SIC est une organisation agr\u00e9\u00e9e par les Chemins de fer belges et dispose du m\u00eame r\u00e9gime que les syndicats repr\u00e9sentatifs et reconnus mais sans pr\u00e9sence dans les instances paritaires. Le SIC peut intervenir \u00e0 tous les niveaux hi\u00e9rarchiques. Le SIC dispose \u00e9galement de toute la r\u00e9glementation concernant le personnel.<\/p>\n<h5 style=\"text-align: justify;\"><a href=\"http:\/\/www.nuod.be\/\"><img data-recalc-dims=\"1\" loading=\"lazy\" decoding=\"async\" data-attachment-id=\"145\" data-permalink=\"https:\/\/www.ovs-sic.be\/fr\/sic\/logo-nuo-150x150\/\" data-orig-file=\"https:\/\/i0.wp.com\/www.ovs-sic.be\/fr\/wp-content\/uploads\/sites\/4\/2017\/10\/logo-nuo-150x150.jpg?fit=150%2C150&amp;ssl=1\" data-orig-size=\"150,150\" data-comments-opened=\"1\" data-image-meta=\"{&quot;aperture&quot;:&quot;0&quot;,&quot;credit&quot;:&quot;&quot;,&quot;camera&quot;:&quot;&quot;,&quot;caption&quot;:&quot;&quot;,&quot;created_timestamp&quot;:&quot;0&quot;,&quot;copyright&quot;:&quot;&quot;,&quot;focal_length&quot;:&quot;0&quot;,&quot;iso&quot;:&quot;0&quot;,&quot;shutter_speed&quot;:&quot;0&quot;,&quot;title&quot;:&quot;&quot;,&quot;orientation&quot;:&quot;0&quot;}\" data-image-title=\"logo-nuo-150&#215;150\" data-image-description=\"\" data-image-caption=\"\" data-medium-file=\"https:\/\/i0.wp.com\/www.ovs-sic.be\/fr\/wp-content\/uploads\/sites\/4\/2017\/10\/logo-nuo-150x150.jpg?fit=150%2C150&amp;ssl=1\" data-large-file=\"https:\/\/i0.wp.com\/www.ovs-sic.be\/fr\/wp-content\/uploads\/sites\/4\/2017\/10\/logo-nuo-150x150.jpg?fit=150%2C150&amp;ssl=1\" class=\"alignleft wp-image-145 size-full\" src=\"https:\/\/i0.wp.com\/www.ovs-sic.be\/fr\/wp-content\/uploads\/sites\/4\/2017\/10\/logo-nuo-150x150.jpg?resize=150%2C150&#038;ssl=1\" alt=\"\" width=\"150\" height=\"150\" \/><\/a><\/h5>\n<p style=\"text-align: justify;\"><span style=\"font-size: 10pt;\">ORGANISATION AGREEE PAR LES CHEMINS DE FER BELGES<\/span><br \/>\n<span style=\"font-size: 10pt;\"> AFFILIE A L&rsquo;UNION NATIONALE DES SERVICES PUBLICS &#8211; UNSP<\/span><br \/>\n<span style=\"font-size: 10pt;\"> MEMBRE DE LA CONFEDERATION EUROPEENNE DES SYNDICATS INDEPENDANTS (CESI)<\/span><\/p>\n","protected":false},"excerpt":{"rendered":"<p>Le SIC est le Syndicat Ind\u00e9pendant pour Cheminots. Il a \u00e9t\u00e9 fond\u00e9 le 27 f\u00e9vrier 1983. Le syndicat n\u2019a aucun lien avec un parti politique ni avec les syndicats traditionnels. &hellip; <\/p>\n","protected":false},"author":1,"featured_media":0,"parent":0,"menu_order":0,"comment_status":"closed","ping_status":"closed","template":"","meta":{"jetpack_post_was_ever_published":false,"footnotes":""},"class_list":["post-20","page","type-page","status-publish","hentry"],"jetpack_sharing_enabled":true,"jetpack_shortlink":"https:\/\/wp.me\/P9lyc6-k","jetpack_likes_enabled":true,"jetpack-related-posts":[{"id":154,"url":"https:\/\/www.ovs-sic.be\/fr\/devenir-membre\/","url_meta":{"origin":20,"position":0},"title":"Devenir membre","author":"Admin","date":"12 octobre 2017","format":false,"excerpt":"COMMENT ET POUR QUELLE RAISON S\u2019AFFILIER AU SIC? Voulez-vous devenir membre voire d\u00e9l\u00e9gu\u00e9 de notre organisation? Si vous souhaitez rejoindre notre syndicat, vous devez tout simplement vous affilier et donc compl\u00e9ter, signer et nous renvoyer un formulaire d\u2019adh\u00e9sion. Nos d\u00e9l\u00e9gu\u00e9s locaux et les dirigeants du SIC sont \u00e0 votre enti\u00e8re\u2026","rel":"","context":"Article similaire","block_context":{"text":"Article similaire","link":""},"img":{"alt_text":"","src":"https:\/\/i0.wp.com\/www.ovs-sic.be\/fr\/wp-content\/uploads\/sites\/4\/2018\/11\/bulletin.png?resize=350%2C200&ssl=1","width":350,"height":200,"srcset":"https:\/\/i0.wp.com\/www.ovs-sic.be\/fr\/wp-content\/uploads\/sites\/4\/2018\/11\/bulletin.png?resize=350%2C200&ssl=1 1x, https:\/\/i0.wp.com\/www.ovs-sic.be\/fr\/wp-content\/uploads\/sites\/4\/2018\/11\/bulletin.png?resize=525%2C300&ssl=1 1.5x"},"classes":[]},{"id":2,"url":"https:\/\/www.ovs-sic.be\/fr\/newsletter\/","url_meta":{"origin":20,"position":1},"title":"Newsletter","author":"Admin","date":"4 octobre 2017","format":false,"excerpt":"Vous souhaitez \u00eatre averti des nouveaux articles publi\u00e9s sur le website, inscrivez-vous donc \u00e0 la newsletter. Pour info : le SIC n'offre pas la possibilit\u00e9s aux non-inscrits de visualiser ces informations. Nous demandons donc quelques informations relatives \u00e0 votre \"profil\" avant de vous autoriser l'acc\u00e8s. Vous n'\u00eates pas oblig\u00e9 de\u2026","rel":"","context":"Article similaire","block_context":{"text":"Article similaire","link":""},"img":{"alt_text":"","src":"","width":0,"height":0},"classes":[]},{"id":102,"url":"https:\/\/www.ovs-sic.be\/fr\/","url_meta":{"origin":20,"position":2},"title":"Page d&rsquo;accueil","author":"Admin","date":"7 octobre 2017","format":false,"excerpt":"","rel":"","context":"Dans &quot;Sans categorie&quot;","block_context":{"text":"Sans categorie","link":"https:\/\/www.ovs-sic.be\/fr\/category\/geen-categorie\/"},"img":{"alt_text":"","src":"","width":0,"height":0},"classes":[]},{"id":19,"url":"https:\/\/www.ovs-sic.be\/fr\/nouvelles\/","url_meta":{"origin":20,"position":3},"title":"Nouvelles","author":"Admin","date":"4 octobre 2017","format":false,"excerpt":"","rel":"","context":"Dans &quot;Sans categorie&quot;","block_context":{"text":"Sans categorie","link":"https:\/\/www.ovs-sic.be\/fr\/category\/geen-categorie\/"},"img":{"alt_text":"","src":"https:\/\/i0.wp.com\/www.ovs-sic.be\/fr\/wp-content\/uploads\/sites\/4\/2017\/10\/vorming_goederentreinen.jpg?fit=500%2C305&ssl=1&resize=350%2C200","width":350,"height":200},"classes":[]},{"id":373,"url":"https:\/\/www.ovs-sic.be\/fr\/formulaire\/","url_meta":{"origin":20,"position":4},"title":"formulaire","author":"Admin","date":"2 d\u00e9cembre 2017","format":false,"excerpt":"E-mail *Pr\u00e9nom Nom de familleNr d'identit\u00e9 Groupe SNCB (si possible)Etes-vous une membre du SIC?affili\u00e9 non affili\u00e9 Int\u00e9ress\u00e9 O\u00f9 travaillez-vous?InfrabelSNCBHR-RAILOp\u00e9rateur priv\u00e9Pensionn\u00e9Autre Confirmer","rel":"","context":"Article similaire","block_context":{"text":"Article similaire","link":""},"img":{"alt_text":"","src":"","width":0,"height":0},"classes":[]},{"id":74,"url":"https:\/\/www.ovs-sic.be\/fr\/contact\/","url_meta":{"origin":20,"position":5},"title":"Contact","author":"Admin","date":"6 octobre 2017","format":false,"excerpt":"","rel":"","context":"Dans &quot;Sans categorie&quot;","block_context":{"text":"Sans categorie","link":"https:\/\/www.ovs-sic.be\/fr\/category\/geen-categorie\/"},"img":{"alt_text":"","src":"","width":0,"height":0},"classes":[]}],"_links":{"self":[{"href":"https:\/\/www.ovs-sic.be\/fr\/wp-json\/wp\/v2\/pages\/20","targetHints":{"allow":["GET"]}}],"collection":[{"href":"https:\/\/www.ovs-sic.be\/fr\/wp-json\/wp\/v2\/pages"}],"about":[{"href":"https:\/\/www.ovs-sic.be\/fr\/wp-json\/wp\/v2\/types\/page"}],"author":[{"embeddable":true,"href":"https:\/\/www.ovs-sic.be\/fr\/wp-json\/wp\/v2\/users\/1"}],"replies":[{"embeddable":true,"href":"https:\/\/www.ovs-sic.be\/fr\/wp-json\/wp\/v2\/comments?post=20"}],"version-history":[{"count":20,"href":"https:\/\/www.ovs-sic.be\/fr\/wp-json\/wp\/v2\/pages\/20\/revisions"}],"predecessor-version":[{"id":391,"href":"https:\/\/www.ovs-sic.be\/fr\/wp-json\/wp\/v2\/pages\/20\/revisions\/391"}],"wp:attachment":[{"href":"https:\/\/www.ovs-sic.be\/fr\/wp-json\/wp\/v2\/media?parent=20"}],"curies":[{"name":"wp","href":"https:\/\/api.w.org\/{rel}","templated":true}]}}