{"id":2,"date":"2017-10-04T17:52:47","date_gmt":"2017-10-04T15:52:47","guid":{"rendered":"https:\/\/www.ovs-sic.be\/fr\/?page_id=2"},"modified":"2018-09-20T14:42:24","modified_gmt":"2018-09-20T12:42:24","slug":"newsletter","status":"publish","type":"page","link":"https:\/\/www.ovs-sic.be\/fr\/newsletter\/","title":{"rendered":"Newsletter"},"content":{"rendered":"<p><!-- Begin MailChimp Signup Form -->\n \t<link href=\"\/\/cdn-images.mailchimp.com\/embedcode\/classic-10_7.css\" rel=\"stylesheet\" type=\"text\/css\">\n<style type=\"text\/css\">\n\t#mc_embed_signup{background:#fff; clear:left; font:14px Helvetica,Arial,sans-serif; }\n\t\/* Add your own MailChimp form style overrides in your site stylesheet or in this style block.\n\t   We recommend moving this block and the preceding CSS link to the HEAD of your HTML file. *\/\n<\/style>\n<p>Vous souhaitez \u00eatre averti des nouveaux articles publi\u00e9s sur le website, inscrivez-vous donc \u00e0 la newsletter. Pour info : le SIC n&rsquo;offre pas la possibilit\u00e9s aux non-inscrits de visualiser ces informations. Nous demandons donc quelques informations relatives \u00e0 votre \u00ab\u00a0profil\u00a0\u00bb avant de vous autoriser l&rsquo;acc\u00e8s. <strong>Vous n&rsquo;\u00eates pas oblig\u00e9 de compl\u00e9ter toutes les informations. <\/strong><\/p>\n<p>Nous vous demandons de ne pas vous inscrire au moyen de votre adresse interne (SNCB, Infrabel ou HR-RAIL) car elles bloquent parfois les mails externes. Privil\u00e9giez donc l&rsquo;utilisation de votre adresse priv\u00e9e.<\/p>\n<style type=\"text\/css\">\n\t#mc-embedded-subscribe-form input[type=checkbox]{display: inline; width: auto;margin-right: 10px;}\n\t#mergeRow-gdpr {margin-top: 20px;}\n\t#mergeRow-gdpr fieldset label {font-weight: normal;}\n\t#mc-embedded-subscribe-form .mc_fieldset{border:none;min-height: 0px;padding-bottom:0px;}\n<\/style>\n<div id=\"mc_embed_signup\">\n<form action=\"https:\/\/ovs-sic.us12.list-manage.com\/subscribe\/post?u=0e4c75888373b838f2cd729de&amp;id=0022fee74f\" method=\"post\" id=\"mc-embedded-subscribe-form\" name=\"mc-embedded-subscribe-form\" class=\"validate\" target=\"_blank\" novalidate=\"\">\n<div id=\"mc_embed_signup_scroll\">\n<h2>S&rsquo;inscrire&#8230;<\/h2>\n<div class=\"indicates-required\"><span class=\"asterisk\">*<\/span> indicates required<\/div>\n<div class=\"mc-field-group\">\n\t<label for=\"mce-EMAIL\">E-mail  <span class=\"asterisk\">*<\/span><br \/>\n<\/label><br \/>\n\t<input type=\"email\" value=\"\" name=\"EMAIL\" class=\"required email\" id=\"mce-EMAIL\"><\/div>\n<div class=\"mc-field-group\">\n\t<label for=\"mce-FNAME\">Pr\u00e9nom <\/label><br \/>\n\t<input type=\"text\" value=\"\" name=\"FNAME\" class=\"\" id=\"mce-FNAME\"><\/div>\n<div class=\"mc-field-group\">\n\t<label for=\"mce-LNAME\">Nom de famille <\/label><br \/>\n\t<input type=\"text\" value=\"\" name=\"LNAME\" class=\"\" id=\"mce-LNAME\"><\/div>\n<div id=\"mergeRow-gdpr\" class=\"mergeRow gdpr-mergeRow content__gdprBlock mc-field-group\">\n<div class=\"content__gdpr\">\n        <label>Autorisations de marketing<\/label>Veuillez s\u00e9lectionner toutes les mani\u00e8res dont vous aimeriez entendre OVS-SIC:<\/p>\n<fieldset class=\"mc_fieldset gdprRequired mc-field-group\" name=\"interestgroup_field\">\n\t\t<label class=\"checkbox subfield\" for=\"gdpr_13885\"><input type=\"checkbox\" id=\"gdpr_13885\" name=\"gdpr[13885]\" value=\"Y\" class=\"av-checkbox gdpr\"><span>E-mail<\/span> <\/label><\/fieldset>\n<p>Vous pouvez vous d\u00e9sabonner \u00e0 tout moment en cliquant sur le lien dans le pied de page de nos e-mails. Pour plus d&rsquo;informations sur nos pratiques de confidentialit\u00e9, veuillez visiter notre site Web.<\/p>\n<\/div>\n<div class=\"content__gdprLegal\">\n<p>Nous utilisons MailChimp comme plateforme marketing. En cliquant ci-dessous pour vous abonner, vous reconnaissez que vos informations seront transf\u00e9r\u00e9es et trait\u00e9es par MailChimp. Pour en savoir plus sur les pratiques de confidentialit\u00e9 de MailChimp, rendez-vous <a href=\"https:\/\/mailchimp.com\/legal\/\" target=\"_blank\">ici<\/a>.<\/p>\n<\/div>\n<\/div>\n<div id=\"mce-responses\" class=\"clear\">\n<div class=\"response\" id=\"mce-error-response\" style=\"display:none\"><\/div>\n<div class=\"response\" id=\"mce-success-response\" style=\"display:none\"><\/div>\n<\/div>\n<p><!-- real people should not fill this in and expect good things - do not remove this or risk form bot signups--><\/p>\n<div style=\"position: absolute; left: -5000px;\" aria-hidden=\"true\"><input type=\"text\" name=\"b_0e4c75888373b838f2cd729de_0022fee74f\" tabindex=\"-1\" value=\"\"><\/div>\n<div class=\"clear\"><input type=\"submit\" value=\"Subscribe\" name=\"subscribe\" id=\"mc-embedded-subscribe\" class=\"button\"><\/div>\n<\/div>\n<\/form>\n<\/div>\n<p><script type=\"text\/javascript\" src=\"\/\/s3.amazonaws.com\/downloads.mailchimp.com\/js\/mc-validate.js\"><\/script><script type=\"text\/javascript\">(function($) {window.fnames = new Array(); window.ftypes = new Array();fnames[0]='EMAIL';ftypes[0]='email';fnames[1]='FNAME';ftypes[1]='text';fnames[2]='LNAME';ftypes[2]='text';fnames[6]='MMERGE6';ftypes[6]='number';fnames[7]='MMERGE7';ftypes[7]='text';fnames[8]='MMERGE8';ftypes[8]='text'; \/*\n * Translated default messages for the $ validation plugin.\n * Locale: FR\n *\/\n$.extend($.validator.messages, {\n        required: \"Ce champ est requis.\",\n        remote: \"Veuillez remplir ce champ pour continuer.\",\n        email: \"Veuillez entrer une adresse email valide.\",\n        url: \"Veuillez entrer une URL valide.\",\n        date: \"Veuillez entrer une date valide.\",\n        dateISO: \"Veuillez entrer une date valide (ISO).\",\n        number: \"Veuillez entrer un nombre valide.\",\n        digits: \"Veuillez entrer (seulement) une valeur num\u00e9rique.\",\n        creditcard: \"Veuillez entrer un num\u00e9ro de carte de cr\u00e9dit valide.\",\n        equalTo: \"Veuillez entrer une nouvelle fois la m\u00eame valeur.\",\n        accept: \"Veuillez entrer une valeur avec une extension valide.\",\n        maxlength: $.validator.format(\"Veuillez ne pas entrer plus de {0} caract\u00e8res.\"),\n        minlength: $.validator.format(\"Veuillez entrer au moins {0} caract\u00e8res.\"),\n        rangelength: $.validator.format(\"Veuillez entrer entre {0} et {1} caract\u00e8res.\"),\n        range: $.validator.format(\"Veuillez entrer une valeur entre {0} et {1}.\"),\n        max: $.validator.format(\"Veuillez entrer une valeur inf\u00e9rieure ou \u00e9gale \u00e0 {0}.\"),\n        min: $.validator.format(\"Veuillez entrer une valeur sup\u00e9rieure ou \u00e9gale \u00e0 {0}.\")\n});}(jQuery));var $mcj = jQuery.noConflict(true);<\/script><br \/>\n<!--End mc_embed_signup--><\/p>\n","protected":false},"excerpt":{"rendered":"<p>Vous souhaitez \u00eatre averti des nouveaux articles publi\u00e9s sur le website, inscrivez-vous donc \u00e0 la newsletter. Pour info : le SIC n&rsquo;offre pas la possibilit\u00e9s aux non-inscrits de visualiser ces &hellip; <\/p>\n","protected":false},"author":1,"featured_media":0,"parent":0,"menu_order":0,"comment_status":"closed","ping_status":"open","template":"","meta":{"jetpack_post_was_ever_published":false,"footnotes":""},"class_list":["post-2","page","type-page","status-publish","hentry"],"jetpack_sharing_enabled":true,"jetpack_shortlink":"https:\/\/wp.me\/P9lyc6-2","jetpack_likes_enabled":true,"jetpack-related-posts":[{"id":154,"url":"https:\/\/www.ovs-sic.be\/fr\/devenir-membre\/","url_meta":{"origin":2,"position":0},"title":"Devenir membre","author":"Admin","date":"12 octobre 2017","format":false,"excerpt":"COMMENT ET POUR QUELLE RAISON S\u2019AFFILIER AU SIC? Voulez-vous devenir membre voire d\u00e9l\u00e9gu\u00e9 de notre organisation? Si vous souhaitez rejoindre notre syndicat, vous devez tout simplement vous affilier et donc compl\u00e9ter, signer et nous renvoyer un formulaire d\u2019adh\u00e9sion. Nos d\u00e9l\u00e9gu\u00e9s locaux et les dirigeants du SIC sont \u00e0 votre enti\u00e8re\u2026","rel":"","context":"Article similaire","block_context":{"text":"Article similaire","link":""},"img":{"alt_text":"","src":"https:\/\/i0.wp.com\/www.ovs-sic.be\/fr\/wp-content\/uploads\/sites\/4\/2018\/11\/bulletin.png?resize=350%2C200&ssl=1","width":350,"height":200,"srcset":"https:\/\/i0.wp.com\/www.ovs-sic.be\/fr\/wp-content\/uploads\/sites\/4\/2018\/11\/bulletin.png?resize=350%2C200&ssl=1 1x, https:\/\/i0.wp.com\/www.ovs-sic.be\/fr\/wp-content\/uploads\/sites\/4\/2018\/11\/bulletin.png?resize=525%2C300&ssl=1 1.5x"},"classes":[]},{"id":20,"url":"https:\/\/www.ovs-sic.be\/fr\/sic\/","url_meta":{"origin":2,"position":1},"title":"\u00c0 propos du SIC","author":"Admin","date":"4 octobre 2017","format":false,"excerpt":"Le SIC est le Syndicat Ind\u00e9pendant pour Cheminots. Il a \u00e9t\u00e9 fond\u00e9 le 27 f\u00e9vrier 1983. Le syndicat n\u2019a aucun lien avec un parti politique ni avec les syndicats traditionnels. Le SIC est organis\u00e9 sur le plan national et ne dispose donc pas des centrales linguistiques. Le SIC est une\u2026","rel":"","context":"Dans &quot;Sans categorie&quot;","block_context":{"text":"Sans categorie","link":"https:\/\/www.ovs-sic.be\/fr\/category\/geen-categorie\/"},"img":{"alt_text":"","src":"https:\/\/i0.wp.com\/www.ovs-sic.be\/fr\/wp-content\/uploads\/sites\/4\/2017\/10\/OVS-nieuw-LOGO_verkleind.jpg?resize=350%2C200&ssl=1","width":350,"height":200},"classes":[]}],"_links":{"self":[{"href":"https:\/\/www.ovs-sic.be\/fr\/wp-json\/wp\/v2\/pages\/2","targetHints":{"allow":["GET"]}}],"collection":[{"href":"https:\/\/www.ovs-sic.be\/fr\/wp-json\/wp\/v2\/pages"}],"about":[{"href":"https:\/\/www.ovs-sic.be\/fr\/wp-json\/wp\/v2\/types\/page"}],"author":[{"embeddable":true,"href":"https:\/\/www.ovs-sic.be\/fr\/wp-json\/wp\/v2\/users\/1"}],"replies":[{"embeddable":true,"href":"https:\/\/www.ovs-sic.be\/fr\/wp-json\/wp\/v2\/comments?post=2"}],"version-history":[{"count":15,"href":"https:\/\/www.ovs-sic.be\/fr\/wp-json\/wp\/v2\/pages\/2\/revisions"}],"predecessor-version":[{"id":638,"href":"https:\/\/www.ovs-sic.be\/fr\/wp-json\/wp\/v2\/pages\/2\/revisions\/638"}],"wp:attachment":[{"href":"https:\/\/www.ovs-sic.be\/fr\/wp-json\/wp\/v2\/media?parent=2"}],"curies":[{"name":"wp","href":"https:\/\/api.w.org\/{rel}","templated":true}]}}