{"id":154,"date":"2017-10-12T10:41:31","date_gmt":"2017-10-12T08:41:31","guid":{"rendered":"https:\/\/www.ovs-sic.be\/fr\/?page_id=154"},"modified":"2025-02-24T22:52:21","modified_gmt":"2025-02-24T21:52:21","slug":"devenir-membre","status":"publish","type":"page","link":"https:\/\/www.ovs-sic.be\/fr\/devenir-membre\/","title":{"rendered":"Devenir membre"},"content":{"rendered":"<p><strong>COMMENT ET POUR QUELLE RAISON S\u2019AFFILIER AU SIC?<\/strong><\/p>\n<p>Voulez-vous devenir membre voire d\u00e9l\u00e9gu\u00e9 de notre organisation?<br \/>\nSi vous souhaitez rejoindre notre syndicat, vous devez tout simplement vous affilier et donc compl\u00e9ter, signer et nous renvoyer un formulaire d\u2019adh\u00e9sion.<\/p>\n<p>Nos d\u00e9l\u00e9gu\u00e9s locaux et les dirigeants du SIC sont \u00e0 votre enti\u00e8re disposition pour vous aider et\/ou r\u00e9pondre \u00e0 toutes vos questions. Vous b\u00e9n\u00e9ficierez toujours d\u2019un soutien personnalis\u00e9. Si vous souhaitez vous engager plus et donc devenir d\u00e9l\u00e9gu\u00e9, veuillez prendre contact et nous vous expliquerons la marche \u00e0 suivre.<\/p>\n<p>Les d\u00e9l\u00e9gu\u00e9s de l\u2019ensemble du pays se r\u00e9unissent chaque trimestre au si\u00e8ge de notre organisation, \u00e0 Bruxelles. Les sujets abord\u00e9s sont d\u00e9termin\u00e9s \u00e0 l\u2019avance et lors de ces r\u00e9unions, les diff\u00e9rents points de vue sont confront\u00e9s, ce qui est unique dans le paysage syndical des Chemins de fer belges. Les d\u00e9cisions ou les demandes qui sont prises dans les secteurs sont relay\u00e9es via les membres de ces secteurs si\u00e9geant au sein du Comit\u00e9 Directeur chaque mois.<\/p>\n<p>La mani\u00e8re de fonctionner du SIC est donc claire et d\u00e9mocratique, les d\u00e9cisions sont prises de mani\u00e8re coll\u00e9giale.<\/p>\n<p>Pour participer, vous devez compl\u00e9ter, signer et envoyer un formulaire de connexion. T\u00e9l\u00e9chargez le formulaire ici (cliquez sur l&rsquo;image):<\/p>\n<p><a href=\"https:\/\/www.ovs-sic.be\/fr\/wp-content\/uploads\/sites\/4\/2018\/11\/BULLETIN-AFFILIATION.pdf\" target=\"_blank\" rel=\"noopener\"><img data-recalc-dims=\"1\" loading=\"lazy\" decoding=\"async\" data-attachment-id=\"670\" data-permalink=\"https:\/\/www.ovs-sic.be\/fr\/devenir-membre\/bulletin\/\" data-orig-file=\"https:\/\/i0.wp.com\/www.ovs-sic.be\/fr\/wp-content\/uploads\/sites\/4\/2018\/11\/bulletin.png?fit=686%2C956&amp;ssl=1\" data-orig-size=\"686,956\" data-comments-opened=\"1\" data-image-meta=\"{&quot;aperture&quot;:&quot;0&quot;,&quot;credit&quot;:&quot;&quot;,&quot;camera&quot;:&quot;&quot;,&quot;caption&quot;:&quot;&quot;,&quot;created_timestamp&quot;:&quot;0&quot;,&quot;copyright&quot;:&quot;&quot;,&quot;focal_length&quot;:&quot;0&quot;,&quot;iso&quot;:&quot;0&quot;,&quot;shutter_speed&quot;:&quot;0&quot;,&quot;title&quot;:&quot;&quot;,&quot;orientation&quot;:&quot;0&quot;}\" data-image-title=\"bulletin\" data-image-description=\"\" data-image-caption=\"\" data-medium-file=\"https:\/\/i0.wp.com\/www.ovs-sic.be\/fr\/wp-content\/uploads\/sites\/4\/2018\/11\/bulletin.png?fit=215%2C300&amp;ssl=1\" data-large-file=\"https:\/\/i0.wp.com\/www.ovs-sic.be\/fr\/wp-content\/uploads\/sites\/4\/2018\/11\/bulletin.png?fit=686%2C956&amp;ssl=1\" class=\"alignleft wp-image-670\" style=\"font-size: 1rem;\" src=\"https:\/\/i0.wp.com\/www.ovs-sic.be\/fr\/wp-content\/uploads\/sites\/4\/2018\/11\/bulletin.png?resize=188%2C262&#038;ssl=1\" alt=\"\" width=\"188\" height=\"262\" srcset=\"https:\/\/i0.wp.com\/www.ovs-sic.be\/fr\/wp-content\/uploads\/sites\/4\/2018\/11\/bulletin.png?w=686&amp;ssl=1 686w, https:\/\/i0.wp.com\/www.ovs-sic.be\/fr\/wp-content\/uploads\/sites\/4\/2018\/11\/bulletin.png?resize=215%2C300&amp;ssl=1 215w\" sizes=\"auto, (max-width: 188px) 100vw, 188px\" \/><\/a><br \/>\n<span style=\"text-decoration:underline;\">Envoyez le formuliare rempli vers<\/span><\/p>\n<p>Regus Brussels-South, OVS-SIC<br \/>\nPl. Marcel Broothaers 8<br \/>\n1060 Bruxelles<\/p>\n<p>Ou vers info@sic.be<\/p>\n<p>Ou donnez votre bulletin d&rsquo;affiliation compl\u00e9t\u00e9 \u00e0 un des d\u00e9l\u00e9gu\u00e9s qui vient reguli\u00e8rement aux r\u00e9unions.<\/p>\n","protected":false},"excerpt":{"rendered":"<p>COMMENT ET POUR QUELLE RAISON S\u2019AFFILIER AU SIC? Voulez-vous devenir membre voire d\u00e9l\u00e9gu\u00e9 de notre organisation? Si vous souhaitez rejoindre notre syndicat, vous devez tout simplement vous affilier et donc &hellip; <\/p>\n","protected":false},"author":1,"featured_media":0,"parent":0,"menu_order":0,"comment_status":"closed","ping_status":"closed","template":"","meta":{"jetpack_post_was_ever_published":false,"footnotes":""},"class_list":["post-154","page","type-page","status-publish","hentry"],"jetpack_sharing_enabled":true,"jetpack_shortlink":"https:\/\/wp.me\/P9lyc6-2u","jetpack_likes_enabled":true,"jetpack-related-posts":[{"id":2,"url":"https:\/\/www.ovs-sic.be\/fr\/newsletter\/","url_meta":{"origin":154,"position":0},"title":"Newsletter","author":"Admin","date":"4 octobre 2017","format":false,"excerpt":"Vous souhaitez \u00eatre averti des nouveaux articles publi\u00e9s sur le website, inscrivez-vous donc \u00e0 la newsletter. Pour info : le SIC n'offre pas la possibilit\u00e9s aux non-inscrits de visualiser ces informations. Nous demandons donc quelques informations relatives \u00e0 votre \"profil\" avant de vous autoriser l'acc\u00e8s. Vous n'\u00eates pas oblig\u00e9 de\u2026","rel":"","context":"Article similaire","block_context":{"text":"Article similaire","link":""},"img":{"alt_text":"","src":"","width":0,"height":0},"classes":[]},{"id":20,"url":"https:\/\/www.ovs-sic.be\/fr\/sic\/","url_meta":{"origin":154,"position":1},"title":"\u00c0 propos du SIC","author":"Admin","date":"4 octobre 2017","format":false,"excerpt":"Le SIC est le Syndicat Ind\u00e9pendant pour Cheminots. Il a \u00e9t\u00e9 fond\u00e9 le 27 f\u00e9vrier 1983. Le syndicat n\u2019a aucun lien avec un parti politique ni avec les syndicats traditionnels. Le SIC est organis\u00e9 sur le plan national et ne dispose donc pas des centrales linguistiques. Le SIC est une\u2026","rel":"","context":"Dans &quot;Sans categorie&quot;","block_context":{"text":"Sans categorie","link":"https:\/\/www.ovs-sic.be\/fr\/category\/geen-categorie\/"},"img":{"alt_text":"","src":"https:\/\/i0.wp.com\/www.ovs-sic.be\/fr\/wp-content\/uploads\/sites\/4\/2017\/10\/OVS-nieuw-LOGO_verkleind.jpg?resize=350%2C200&ssl=1","width":350,"height":200},"classes":[]},{"id":373,"url":"https:\/\/www.ovs-sic.be\/fr\/formulaire\/","url_meta":{"origin":154,"position":2},"title":"formulaire","author":"Admin","date":"2 d\u00e9cembre 2017","format":false,"excerpt":"E-mail *Pr\u00e9nom Nom de familleNr d'identit\u00e9 Groupe SNCB (si possible)Etes-vous une membre du SIC?affili\u00e9 non affili\u00e9 Int\u00e9ress\u00e9 O\u00f9 travaillez-vous?InfrabelSNCBHR-RAILOp\u00e9rateur priv\u00e9Pensionn\u00e9Autre Confirmer","rel":"","context":"Article similaire","block_context":{"text":"Article similaire","link":""},"img":{"alt_text":"","src":"","width":0,"height":0},"classes":[]},{"id":289,"url":"https:\/\/www.ovs-sic.be\/fr\/independant-en-pdf\/","url_meta":{"origin":154,"position":3},"title":"Ind\u00e9pendant en PDF","author":"Admin","date":"25 octobre 2017","format":false,"excerpt":"INDEPENDANT septembre 2018Download T\u00e9l\u00e9charger les anciens versions de l'ind\u00e9pendant? INDEPENDANT mai 2018Download INDEPENDANT avril 2018Download INDEPENDANT avril 2018Download INDEPENDANT mars 2018Download INDEPENDANT fevrier 2018Download INDEPENDANT janvier 2018Download INDEPENDANT decembre 2017Download INDEPENDANT novembre 2017Download INDEPENDANT octobre 2017Download","rel":"","context":"Article similaire","block_context":{"text":"Article similaire","link":""},"img":{"alt_text":"","src":"","width":0,"height":0},"classes":[]}],"_links":{"self":[{"href":"https:\/\/www.ovs-sic.be\/fr\/wp-json\/wp\/v2\/pages\/154","targetHints":{"allow":["GET"]}}],"collection":[{"href":"https:\/\/www.ovs-sic.be\/fr\/wp-json\/wp\/v2\/pages"}],"about":[{"href":"https:\/\/www.ovs-sic.be\/fr\/wp-json\/wp\/v2\/types\/page"}],"author":[{"embeddable":true,"href":"https:\/\/www.ovs-sic.be\/fr\/wp-json\/wp\/v2\/users\/1"}],"replies":[{"embeddable":true,"href":"https:\/\/www.ovs-sic.be\/fr\/wp-json\/wp\/v2\/comments?post=154"}],"version-history":[{"count":17,"href":"https:\/\/www.ovs-sic.be\/fr\/wp-json\/wp\/v2\/pages\/154\/revisions"}],"predecessor-version":[{"id":1384,"href":"https:\/\/www.ovs-sic.be\/fr\/wp-json\/wp\/v2\/pages\/154\/revisions\/1384"}],"wp:attachment":[{"href":"https:\/\/www.ovs-sic.be\/fr\/wp-json\/wp\/v2\/media?parent=154"}],"curies":[{"name":"wp","href":"https:\/\/api.w.org\/{rel}","templated":true}]}}