{"id":102,"date":"2017-10-07T06:52:31","date_gmt":"2017-10-07T05:52:31","guid":{"rendered":"https:\/\/www.ovs-sic.be\/fr\/?page_id=102"},"modified":"2017-12-02T03:58:07","modified_gmt":"2017-12-02T02:58:07","slug":"page-dacceuil","status":"publish","type":"page","link":"https:\/\/www.ovs-sic.be\/fr\/","title":{"rendered":"Page d&rsquo;accueil"},"content":{"rendered":"","protected":false},"excerpt":{"rendered":"","protected":false},"author":1,"featured_media":0,"parent":19,"menu_order":0,"comment_status":"closed","ping_status":"closed","template":"template-magazine.php","meta":{"jetpack_post_was_ever_published":false,"footnotes":""},"class_list":["post-102","page","type-page","status-publish","hentry"],"jetpack_sharing_enabled":true,"jetpack_shortlink":"https:\/\/wp.me\/P9lyc6-1E","jetpack_likes_enabled":true,"jetpack-related-posts":[{"id":19,"url":"https:\/\/www.ovs-sic.be\/fr\/nouvelles\/","url_meta":{"origin":102,"position":0},"title":"Nouvelles","author":"Admin","date":"4 octobre 2017","format":false,"excerpt":"","rel":"","context":"Dans &quot;Sans categorie&quot;","block_context":{"text":"Sans categorie","link":"https:\/\/www.ovs-sic.be\/fr\/category\/geen-categorie\/"},"img":{"alt_text":"","src":"https:\/\/i0.wp.com\/www.ovs-sic.be\/fr\/wp-content\/uploads\/sites\/4\/2017\/10\/vorming_goederentreinen.jpg?fit=500%2C305&ssl=1&resize=350%2C200","width":350,"height":200},"classes":[]},{"id":74,"url":"https:\/\/www.ovs-sic.be\/fr\/contact\/","url_meta":{"origin":102,"position":1},"title":"Contact","author":"Admin","date":"6 octobre 2017","format":false,"excerpt":"","rel":"","context":"Dans &quot;Sans categorie&quot;","block_context":{"text":"Sans categorie","link":"https:\/\/www.ovs-sic.be\/fr\/category\/geen-categorie\/"},"img":{"alt_text":"","src":"","width":0,"height":0},"classes":[]},{"id":20,"url":"https:\/\/www.ovs-sic.be\/fr\/sic\/","url_meta":{"origin":102,"position":2},"title":"\u00c0 propos du SIC","author":"Admin","date":"4 octobre 2017","format":false,"excerpt":"Le SIC est le Syndicat Ind\u00e9pendant pour Cheminots. Il a \u00e9t\u00e9 fond\u00e9 le 27 f\u00e9vrier 1983. Le syndicat n\u2019a aucun lien avec un parti politique ni avec les syndicats traditionnels. Le SIC est organis\u00e9 sur le plan national et ne dispose donc pas des centrales linguistiques. Le SIC est une\u2026","rel":"","context":"Dans &quot;Sans categorie&quot;","block_context":{"text":"Sans categorie","link":"https:\/\/www.ovs-sic.be\/fr\/category\/geen-categorie\/"},"img":{"alt_text":"","src":"https:\/\/i0.wp.com\/www.ovs-sic.be\/fr\/wp-content\/uploads\/sites\/4\/2017\/10\/OVS-nieuw-LOGO_verkleind.jpg?resize=350%2C200&ssl=1","width":350,"height":200},"classes":[]},{"id":2,"url":"https:\/\/www.ovs-sic.be\/fr\/newsletter\/","url_meta":{"origin":102,"position":3},"title":"Newsletter","author":"Admin","date":"4 octobre 2017","format":false,"excerpt":"Vous souhaitez \u00eatre averti des nouveaux articles publi\u00e9s sur le website, inscrivez-vous donc \u00e0 la newsletter. Pour info : le SIC n'offre pas la possibilit\u00e9s aux non-inscrits de visualiser ces informations. Nous demandons donc quelques informations relatives \u00e0 votre \"profil\" avant de vous autoriser l'acc\u00e8s. Vous n'\u00eates pas oblig\u00e9 de\u2026","rel":"","context":"Article similaire","block_context":{"text":"Article similaire","link":""},"img":{"alt_text":"","src":"","width":0,"height":0},"classes":[]}],"_links":{"self":[{"href":"https:\/\/www.ovs-sic.be\/fr\/wp-json\/wp\/v2\/pages\/102","targetHints":{"allow":["GET"]}}],"collection":[{"href":"https:\/\/www.ovs-sic.be\/fr\/wp-json\/wp\/v2\/pages"}],"about":[{"href":"https:\/\/www.ovs-sic.be\/fr\/wp-json\/wp\/v2\/types\/page"}],"author":[{"embeddable":true,"href":"https:\/\/www.ovs-sic.be\/fr\/wp-json\/wp\/v2\/users\/1"}],"replies":[{"embeddable":true,"href":"https:\/\/www.ovs-sic.be\/fr\/wp-json\/wp\/v2\/comments?post=102"}],"version-history":[{"count":3,"href":"https:\/\/www.ovs-sic.be\/fr\/wp-json\/wp\/v2\/pages\/102\/revisions"}],"predecessor-version":[{"id":372,"href":"https:\/\/www.ovs-sic.be\/fr\/wp-json\/wp\/v2\/pages\/102\/revisions\/372"}],"up":[{"embeddable":true,"href":"https:\/\/www.ovs-sic.be\/fr\/wp-json\/wp\/v2\/pages\/19"}],"wp:attachment":[{"href":"https:\/\/www.ovs-sic.be\/fr\/wp-json\/wp\/v2\/media?parent=102"}],"curies":[{"name":"wp","href":"https:\/\/api.w.org\/{rel}","templated":true}]}}